{"id":1765,"date":"2023-11-25T11:37:06","date_gmt":"2023-11-25T10:37:06","guid":{"rendered":"https:\/\/coachista.eu\/coachista\/?page_id=1765"},"modified":"2026-03-29T10:21:15","modified_gmt":"2026-03-29T08:21:15","slug":"start","status":"publish","type":"page","link":"https:\/\/www.nikolakrenzler.de\/","title":{"rendered":"Herzlich willkommen"},"content":{"rendered":"<style>.kb-row-layout-id1765_5230f9-e9 > .kt-row-column-wrap{align-content:start;}:where(.kb-row-layout-id1765_5230f9-e9 > .kt-row-column-wrap) > .wp-block-kadence-column{justify-content:start;}.kb-row-layout-id1765_5230f9-e9 > .kt-row-column-wrap{column-gap:var(--global-kb-gap-md, 2rem);row-gap:var(--global-kb-gap-md, 2rem);max-width:1140px;margin-left:auto;margin-right:auto;padding-top:var(--global-kb-spacing-sm, 1.5rem);padding-bottom:var(--global-kb-spacing-sm, 1.5rem);grid-template-columns:repeat(2, minmax(0, 1fr));}.kb-row-layout-id1765_5230f9-e9 > .kt-row-layout-overlay{opacity:0.30;}@media all and (max-width: 1024px){.kb-row-layout-id1765_5230f9-e9 > .kt-row-column-wrap{grid-template-columns:repeat(2, minmax(0, 1fr));}}@media all and (max-width: 767px){.kb-row-layout-id1765_5230f9-e9 > .kt-row-column-wrap{grid-template-columns:minmax(0, 1fr);}}<\/style><div class=\"kb-row-layout-wrap kb-row-layout-id1765_5230f9-e9 aligncenter wp-block-kadence-rowlayout\"><div class=\"kt-row-column-wrap kt-has-2-columns kt-row-layout-equal kt-tab-layout-inherit kt-mobile-layout-row kt-row-valign-top\">\n<style>.kadence-column1765_8c41e5-1a > .kt-inside-inner-col,.kadence-column1765_8c41e5-1a > .kt-inside-inner-col:before{border-top-left-radius:0px;border-top-right-radius:0px;border-bottom-right-radius:0px;border-bottom-left-radius:0px;}.kadence-column1765_8c41e5-1a > .kt-inside-inner-col{column-gap:var(--global-kb-gap-sm, 1rem);}.kadence-column1765_8c41e5-1a > .kt-inside-inner-col{flex-direction:column;}.kadence-column1765_8c41e5-1a > .kt-inside-inner-col > .aligncenter{width:100%;}.kadence-column1765_8c41e5-1a > .kt-inside-inner-col:before{opacity:0.3;}.kadence-column1765_8c41e5-1a{position:relative;}@media all and (max-width: 1024px){.kadence-column1765_8c41e5-1a > .kt-inside-inner-col{flex-direction:column;justify-content:center;}}@media all and (max-width: 767px){.kadence-column1765_8c41e5-1a > .kt-inside-inner-col{flex-direction:column;justify-content:center;}}<\/style>\n<div class=\"wp-block-kadence-column kadence-column1765_8c41e5-1a\"><div class=\"kt-inside-inner-col\">\n<figure class=\"wp-block-image size-large\"><img loading=\"lazy\" decoding=\"async\" width=\"683\" height=\"1024\" src=\"https:\/\/www.nikolakrenzler.de\/wp-content\/uploads\/2023\/10\/BusiPo_Nikola-124_b-scaled-1-683x1024.jpg\" alt=\"\" class=\"wp-image-8\" srcset=\"https:\/\/www.nikolakrenzler.de\/wp-content\/uploads\/2023\/10\/BusiPo_Nikola-124_b-scaled-1-683x1024.jpg 683w, https:\/\/www.nikolakrenzler.de\/wp-content\/uploads\/2023\/10\/BusiPo_Nikola-124_b-scaled-1-200x300.jpg 200w, https:\/\/www.nikolakrenzler.de\/wp-content\/uploads\/2023\/10\/BusiPo_Nikola-124_b-scaled-1-768x1152.jpg 768w, https:\/\/www.nikolakrenzler.de\/wp-content\/uploads\/2023\/10\/BusiPo_Nikola-124_b-scaled-1-1024x1536.jpg 1024w, https:\/\/www.nikolakrenzler.de\/wp-content\/uploads\/2023\/10\/BusiPo_Nikola-124_b-scaled-1-1366x2048.jpg 1366w, https:\/\/www.nikolakrenzler.de\/wp-content\/uploads\/2023\/10\/BusiPo_Nikola-124_b-scaled-1.jpg 1707w\" sizes=\"auto, (max-width: 683px) 100vw, 683px\" \/><\/figure>\n<\/div><\/div>\n\n\n<style>.kadence-column1765_923973-10 > .kt-inside-inner-col,.kadence-column1765_923973-10 > .kt-inside-inner-col:before{border-top-left-radius:0px;border-top-right-radius:0px;border-bottom-right-radius:0px;border-bottom-left-radius:0px;}.kadence-column1765_923973-10 > .kt-inside-inner-col{column-gap:var(--global-kb-gap-sm, 1rem);}.kadence-column1765_923973-10 > .kt-inside-inner-col{flex-direction:column;}.kadence-column1765_923973-10 > .kt-inside-inner-col > .aligncenter{width:100%;}.kadence-column1765_923973-10 > .kt-inside-inner-col:before{opacity:0.3;}.kadence-column1765_923973-10{position:relative;}@media all and (max-width: 1024px){.kadence-column1765_923973-10 > .kt-inside-inner-col{flex-direction:column;justify-content:center;}}@media all and (max-width: 767px){.kadence-column1765_923973-10 > .kt-inside-inner-col{flex-direction:column;justify-content:center;}}<\/style>\n<div class=\"wp-block-kadence-column kadence-column1765_923973-10\"><div class=\"kt-inside-inner-col\">\n<p><strong>Sch\u00f6n Sie hier zu begr\u00fc\u00dfen!<\/strong><\/p>\n\n\n\n<p><\/p>\n\n\n\n<p>Steht bei Ihnen eine Ver\u00e4nderung oder Entwicklung an und Sie wissen nicht, wie Sie diese angehen sollen?<\/p>\n\n\n\n<p>Wollen Sie den beruflichen Herausforderungen und Ihrer Rolle im Unternehmen besser gewachsen sein?<\/p>\n\n\n\n<p><\/p>\n\n\n\n<p>Geraten Sie immer wieder in die gleichen schwierigen Situationen und merken, dass Sie sich nicht ad\u00e4quat verhalten?<\/p>\n\n\n\n<p>Ist Ihnen alles viel zu viel und Sie f\u00fchlen sich \u00fcberfordert und niedergeschlagen?<\/p>\n\n\n\n<p>Halten Ihre \u00c4ngste Sie davon ab, bestimmte Dinge zu tun und Ihr Leben so zu f\u00fchren, wie Sie es eigentlich wollen? Leiden Sie unter Panikattacken?<\/p>\n\n\n\n<p><\/p>\n\n\n\n<p>Reagieren Sie auf Stress mit Essen? H\u00e4ngen Sie an Gewohnheiten fest, die Sie daran hindern, gesund zu leben und Ihr Wohlf\u00fchlgewicht zu erreichen?<\/p>\n\n\n\n<p>Wir alle kommen an Punkte, an denen wir allein nicht mehr weiterkommen. H\u00e4ufig gr\u00fcbeln wir dann, suchen angestrengt nach L\u00f6sungen und bewegen uns dennoch nur im Kreis.&nbsp;<\/p>\n\n\n\n<p>Manchmal brauchen wir Hilfe, um Klarheit zu gewinnen und neue Wege zu finden. Als Coach und Heilpraktikerin f\u00fcr Psychotherapie kann ich Sie mit meinem differenzierten Angebotsspektrum bestm\u00f6glich unterst\u00fctzen. <\/p>\n\n\n\n<p>Vereinbaren Sie gerne einen Kennenlerntermin.<\/p>\n\n\n\n<p>Ich freue mich darauf!&nbsp;<\/p>\n\n\n\n<p>&#8211;<strong>&gt; <a href=\"https:\/\/www.nikolakrenzler.de\/?page_id=1723\" data-type=\"page\" data-id=\"1723\">Jetzt Kontakt aufnehmen<\/a><\/strong><\/p>\n<\/div><\/div>\n\n<\/div><\/div>\n\n<style>.kb-row-layout-id1765_7c506f-d6 > .kt-row-column-wrap{align-content:start;}:where(.kb-row-layout-id1765_7c506f-d6 > .kt-row-column-wrap) > .wp-block-kadence-column{justify-content:start;}.kb-row-layout-id1765_7c506f-d6 > .kt-row-column-wrap{column-gap:var(--global-kb-gap-md, 2rem);row-gap:var(--global-kb-gap-md, 2rem);padding-top:var(--global-kb-spacing-sm, 1.5rem);padding-bottom:var(--global-kb-spacing-sm, 1.5rem);grid-template-columns:repeat(2, minmax(0, 1fr));}.kb-row-layout-id1765_7c506f-d6 > .kt-row-layout-overlay{opacity:0.30;}@media all and (max-width: 1024px){.kb-row-layout-id1765_7c506f-d6 > .kt-row-column-wrap{grid-template-columns:repeat(2, minmax(0, 1fr));}}@media all and (max-width: 767px){.kb-row-layout-id1765_7c506f-d6 > .kt-row-column-wrap{grid-template-columns:minmax(0, 1fr);}}<\/style><div class=\"kb-row-layout-wrap kb-row-layout-id1765_7c506f-d6 alignnone wp-block-kadence-rowlayout\"><div class=\"kt-row-column-wrap kt-has-2-columns kt-row-layout-equal kt-tab-layout-inherit kt-mobile-layout-row kt-row-valign-top\">\n<style>.kadence-column1765_69ee2f-58 > .kt-inside-inner-col,.kadence-column1765_69ee2f-58 > .kt-inside-inner-col:before{border-top-left-radius:0px;border-top-right-radius:0px;border-bottom-right-radius:0px;border-bottom-left-radius:0px;}.kadence-column1765_69ee2f-58 > .kt-inside-inner-col{column-gap:var(--global-kb-gap-sm, 1rem);}.kadence-column1765_69ee2f-58 > .kt-inside-inner-col{flex-direction:column;}.kadence-column1765_69ee2f-58 > .kt-inside-inner-col > .aligncenter{width:100%;}.kadence-column1765_69ee2f-58 > .kt-inside-inner-col:before{opacity:0.3;}.kadence-column1765_69ee2f-58{position:relative;}@media all and (max-width: 1024px){.kadence-column1765_69ee2f-58 > .kt-inside-inner-col{flex-direction:column;justify-content:center;}}@media all and (max-width: 767px){.kadence-column1765_69ee2f-58 > .kt-inside-inner-col{flex-direction:column;justify-content:center;}}<\/style>\n<div class=\"wp-block-kadence-column kadence-column1765_69ee2f-58\"><div class=\"kt-inside-inner-col\">\n<h2 class=\"wp-block-heading\">Verfahren<\/h2>\n\n\n\n<p><\/p>\n\n\n\n<p><strong>Coaching<\/strong> &#8211;  in beruflichen und privaten Themen L\u00f6sungen finden und in die Resilienz kommen<\/p>\n\n\n\n<p><strong>Verhaltenstherapie <\/strong>&#8211; Ihr Leidensdruck-Thema mit kognitiver Umstrukturierung, Schemaarbeit, Akzeptanz- und Committment Therapie und Achtsamkeit  angehen<\/p>\n\n\n\n<p><strong>Hypnocoaching und Hypnotherapie<\/strong> &#8211; Ihre individuellen Ziele mit der Kraft des Unbewussten leichter erreichen<\/p>\n\n\n\n<p>&nbsp;<\/p>\n<\/div><\/div>\n\n\n<style>.kadence-column1765_d0c2f7-c3 > .kt-inside-inner-col,.kadence-column1765_d0c2f7-c3 > .kt-inside-inner-col:before{border-top-left-radius:0px;border-top-right-radius:0px;border-bottom-right-radius:0px;border-bottom-left-radius:0px;}.kadence-column1765_d0c2f7-c3 > .kt-inside-inner-col{column-gap:var(--global-kb-gap-sm, 1rem);}.kadence-column1765_d0c2f7-c3 > .kt-inside-inner-col{flex-direction:column;}.kadence-column1765_d0c2f7-c3 > .kt-inside-inner-col > .aligncenter{width:100%;}.kadence-column1765_d0c2f7-c3 > .kt-inside-inner-col:before{opacity:0.3;}.kadence-column1765_d0c2f7-c3{position:relative;}@media all and (max-width: 1024px){.kadence-column1765_d0c2f7-c3 > .kt-inside-inner-col{flex-direction:column;justify-content:center;}}@media all and (max-width: 767px){.kadence-column1765_d0c2f7-c3 > .kt-inside-inner-col{flex-direction:column;justify-content:center;}}<\/style>\n<div class=\"wp-block-kadence-column kadence-column1765_d0c2f7-c3\"><div class=\"kt-inside-inner-col\">\n<h2 class=\"wp-block-heading\">Themen<\/h2>\n\n\n\n<p><\/p>\n\n\n\n<ul class=\"wp-block-list\">\n<li>Ver\u00e4nderungen, berufliche und private Entwicklung<\/li>\n\n\n\n<li>Herausforderungen als F\u00fchrungskraft, im Leadership<\/li>\n\n\n\n<li>Blockaden, hinderliche Muster und Verhaltensweisen<\/li>\n\n\n\n<li>Stress, Burnout, depressive Verstimmungen<\/li>\n\n\n\n<li>Angst, Panikattacken und spezifische Phobien<\/li>\n\n\n\n<li>Emotionales Essen<\/li>\n<\/ul>\n\n\n\n<p>&nbsp;<\/p>\n<\/div><\/div>\n\n<\/div><\/div>\n\n<style>.kb-row-layout-id1765_f212f1-cb > .kt-row-column-wrap{align-content:start;}:where(.kb-row-layout-id1765_f212f1-cb > .kt-row-column-wrap) > .wp-block-kadence-column{justify-content:start;}.kb-row-layout-id1765_f212f1-cb > .kt-row-column-wrap{column-gap:var(--global-kb-gap-md, 2rem);row-gap:var(--global-kb-gap-md, 2rem);padding-top:var(--global-kb-spacing-sm, 1.5rem);grid-template-columns:repeat(2, minmax(0, 1fr));}.kb-row-layout-id1765_f212f1-cb > .kt-row-layout-overlay{opacity:0.30;}@media all and (max-width: 1024px){.kb-row-layout-id1765_f212f1-cb > .kt-row-column-wrap{grid-template-columns:repeat(2, minmax(0, 1fr));}}@media all and (max-width: 767px){.kb-row-layout-id1765_f212f1-cb > .kt-row-column-wrap{grid-template-columns:minmax(0, 1fr);}}<\/style><div class=\"kb-row-layout-wrap kb-row-layout-id1765_f212f1-cb alignnone wp-block-kadence-rowlayout\"><div class=\"kt-row-column-wrap kt-has-2-columns kt-row-layout-equal kt-tab-layout-inherit kt-mobile-layout-row kt-row-valign-top\">\n<style>.kadence-column1765_29355f-70 > .kt-inside-inner-col,.kadence-column1765_29355f-70 > .kt-inside-inner-col:before{border-top-left-radius:0px;border-top-right-radius:0px;border-bottom-right-radius:0px;border-bottom-left-radius:0px;}.kadence-column1765_29355f-70 > .kt-inside-inner-col{column-gap:var(--global-kb-gap-sm, 1rem);}.kadence-column1765_29355f-70 > .kt-inside-inner-col{flex-direction:column;}.kadence-column1765_29355f-70 > .kt-inside-inner-col > .aligncenter{width:100%;}.kadence-column1765_29355f-70 > .kt-inside-inner-col:before{opacity:0.3;}.kadence-column1765_29355f-70{position:relative;}@media all and (max-width: 1024px){.kadence-column1765_29355f-70 > .kt-inside-inner-col{flex-direction:column;justify-content:center;}}@media all and (max-width: 767px){.kadence-column1765_29355f-70 > .kt-inside-inner-col{flex-direction:column;justify-content:center;}}<\/style>\n<div class=\"wp-block-kadence-column kadence-column1765_29355f-70\"><div class=\"kt-inside-inner-col\">\n<h2 class=\"wp-block-heading\">\u00dcber mich<\/h2>\n\n\n\n<ul class=\"wp-block-list\">\n<li>Business-Coach seit 2018 (ICF und DCV zertifizierter Abschluss)<\/li>\n\n\n\n<li>Heilpraktikerin f\u00fcr Psychotherapie<br>-&gt; <a href=\"https:\/\/www.nikolakrenzler.de\/?page_id=1776\" data-type=\"page\" data-id=\"1776\">weiterlesen<\/a><\/li>\n<\/ul>\n<\/div><\/div>\n\n\n<style>.kadence-column1765_0b7a0b-53 > .kt-inside-inner-col,.kadence-column1765_0b7a0b-53 > .kt-inside-inner-col:before{border-top-left-radius:0px;border-top-right-radius:0px;border-bottom-right-radius:0px;border-bottom-left-radius:0px;}.kadence-column1765_0b7a0b-53 > .kt-inside-inner-col{column-gap:var(--global-kb-gap-sm, 1rem);}.kadence-column1765_0b7a0b-53 > .kt-inside-inner-col{flex-direction:column;}.kadence-column1765_0b7a0b-53 > .kt-inside-inner-col > .aligncenter{width:100%;}.kadence-column1765_0b7a0b-53 > .kt-inside-inner-col:before{opacity:0.3;}.kadence-column1765_0b7a0b-53{position:relative;}@media all and (max-width: 1024px){.kadence-column1765_0b7a0b-53 > .kt-inside-inner-col{flex-direction:column;justify-content:center;}}@media all and (max-width: 767px){.kadence-column1765_0b7a0b-53 > .kt-inside-inner-col{flex-direction:column;justify-content:center;}}<\/style>\n<div class=\"wp-block-kadence-column kadence-column1765_0b7a0b-53\"><div class=\"kt-inside-inner-col\">\n<h2 class=\"wp-block-heading\">Vorgehensweise<\/h2>\n\n\n\n<p>In einem kostenlosen Kennenlerntermin schildern Sie mir Ihr Anliegen und ich erl\u00e4utere Ihnen meine Vorgehensweise.<\/p>\n\n\n\n<p>Wenn alles passt, starten wir bald!&nbsp;<br>&#8211;&gt; <a href=\"https:\/\/www.nikolakrenzler.de\/?page_id=1776\/#vorgehensweise\" data-type=\"page\" data-id=\"1776\">weiterlesen<\/a><\/p>\n<\/div><\/div>\n\n<\/div><\/div>\n\n<style>.kb-row-layout-id1765_73c6c4-90 > .kt-row-column-wrap{align-content:start;}:where(.kb-row-layout-id1765_73c6c4-90 > .kt-row-column-wrap) > .wp-block-kadence-column{justify-content:start;}.kb-row-layout-id1765_73c6c4-90 > .kt-row-column-wrap{column-gap:var(--global-kb-gap-md, 2rem);row-gap:var(--global-kb-gap-md, 2rem);padding-bottom:var(--global-kb-spacing-sm, 1.5rem);grid-template-columns:repeat(2, minmax(0, 1fr));}.kb-row-layout-id1765_73c6c4-90 > .kt-row-layout-overlay{opacity:0.30;}@media all and (max-width: 1024px){.kb-row-layout-id1765_73c6c4-90 > .kt-row-column-wrap{grid-template-columns:repeat(2, minmax(0, 1fr));}}@media all and (max-width: 767px){.kb-row-layout-id1765_73c6c4-90 > .kt-row-column-wrap{grid-template-columns:minmax(0, 1fr);}}<\/style><div class=\"kb-row-layout-wrap kb-row-layout-id1765_73c6c4-90 alignnone wp-block-kadence-rowlayout\"><div class=\"kt-row-column-wrap kt-has-2-columns kt-row-layout-equal kt-tab-layout-inherit kt-mobile-layout-row kt-row-valign-top\">\n<style>.kadence-column1765_605c12-91 > .kt-inside-inner-col,.kadence-column1765_605c12-91 > .kt-inside-inner-col:before{border-top-left-radius:0px;border-top-right-radius:0px;border-bottom-right-radius:0px;border-bottom-left-radius:0px;}.kadence-column1765_605c12-91 > .kt-inside-inner-col{column-gap:var(--global-kb-gap-sm, 1rem);}.kadence-column1765_605c12-91 > .kt-inside-inner-col{flex-direction:column;}.kadence-column1765_605c12-91 > .kt-inside-inner-col > .aligncenter{width:100%;}.kadence-column1765_605c12-91 > .kt-inside-inner-col:before{opacity:0.3;}.kadence-column1765_605c12-91{position:relative;}@media all and (max-width: 1024px){.kadence-column1765_605c12-91 > .kt-inside-inner-col{flex-direction:column;justify-content:center;}}@media all and (max-width: 767px){.kadence-column1765_605c12-91 > .kt-inside-inner-col{flex-direction:column;justify-content:center;}}<\/style>\n<div class=\"wp-block-kadence-column kadence-column1765_605c12-91\"><div class=\"kt-inside-inner-col\">\n<figure class=\"wp-block-image size-full is-style-rounded\"><img decoding=\"async\" src=\"https:\/\/nikolakrenzler.de\/wp-content\/uploads\/2023\/11\/BusiPo_Nikola-44.jpg\" alt=\"\" class=\"wp-image-1778\"\/><\/figure>\n<\/div><\/div>\n\n\n<style>.kadence-column1765_192ef6-6c > .kt-inside-inner-col,.kadence-column1765_192ef6-6c > .kt-inside-inner-col:before{border-top-left-radius:0px;border-top-right-radius:0px;border-bottom-right-radius:0px;border-bottom-left-radius:0px;}.kadence-column1765_192ef6-6c > .kt-inside-inner-col{column-gap:var(--global-kb-gap-sm, 1rem);}.kadence-column1765_192ef6-6c > .kt-inside-inner-col{flex-direction:column;}.kadence-column1765_192ef6-6c > .kt-inside-inner-col > .aligncenter{width:100%;}.kadence-column1765_192ef6-6c > .kt-inside-inner-col:before{opacity:0.3;}.kadence-column1765_192ef6-6c{position:relative;}@media all and (max-width: 1024px){.kadence-column1765_192ef6-6c > .kt-inside-inner-col{flex-direction:column;justify-content:center;}}@media all and (max-width: 767px){.kadence-column1765_192ef6-6c > .kt-inside-inner-col{flex-direction:column;justify-content:center;}}<\/style>\n<div class=\"wp-block-kadence-column kadence-column1765_192ef6-6c\"><div class=\"kt-inside-inner-col\">\n<figure class=\"wp-block-image size-full is-style-rounded\"><img loading=\"lazy\" decoding=\"async\" width=\"1024\" height=\"683\" src=\"https:\/\/nikolakrenzler.de\/wp-content\/uploads\/2023\/11\/BusiPo_Nikola-66.jpg\" alt=\"\" class=\"wp-image-1777\" srcset=\"https:\/\/www.nikolakrenzler.de\/wp-content\/uploads\/2023\/11\/BusiPo_Nikola-66.jpg 1024w, https:\/\/www.nikolakrenzler.de\/wp-content\/uploads\/2023\/11\/BusiPo_Nikola-66-300x200.jpg 300w, https:\/\/www.nikolakrenzler.de\/wp-content\/uploads\/2023\/11\/BusiPo_Nikola-66-768x512.jpg 768w\" sizes=\"auto, (max-width: 1024px) 100vw, 1024px\" \/><\/figure>\n<\/div><\/div>\n\n<\/div><\/div>\n\n<style>.kadence-column1765_82b73d-ba > .kt-inside-inner-col,.kadence-column1765_82b73d-ba > .kt-inside-inner-col:before{border-top-left-radius:0px;border-top-right-radius:0px;border-bottom-right-radius:0px;border-bottom-left-radius:0px;}.kadence-column1765_82b73d-ba > .kt-inside-inner-col{column-gap:var(--global-kb-gap-sm, 1rem);}.kadence-column1765_82b73d-ba > .kt-inside-inner-col{flex-direction:column;}.kadence-column1765_82b73d-ba > .kt-inside-inner-col > .aligncenter{width:100%;}.kadence-column1765_82b73d-ba > .kt-inside-inner-col:before{opacity:0.3;}.kadence-column1765_82b73d-ba{position:relative;}@media all and (max-width: 1024px){.kadence-column1765_82b73d-ba > .kt-inside-inner-col{flex-direction:column;justify-content:center;}}@media all and (max-width: 767px){.kadence-column1765_82b73d-ba > .kt-inside-inner-col{flex-direction:column;justify-content:center;}}<\/style>\n<div class=\"wp-block-kadence-column kadence-column1765_82b73d-ba\"><div class=\"kt-inside-inner-col\">\n<p>.<\/p>\n<\/div><\/div>\n","protected":false},"excerpt":{"rendered":"<p>Sch\u00f6n Sie hier zu begr\u00fc\u00dfen! Steht bei Ihnen eine Ver\u00e4nderung oder Entwicklung an und Sie wissen nicht, wie Sie diese angehen sollen? Wollen Sie den beruflichen Herausforderungen und Ihrer Rolle &#8230;<\/p>\n","protected":false},"author":2,"featured_media":1769,"parent":0,"menu_order":0,"comment_status":"closed","ping_status":"closed","template":"","meta":{"footnotes":""},"class_list":["post-1765","page","type-page","status-publish","has-post-thumbnail","hentry"],"_links":{"self":[{"href":"https:\/\/www.nikolakrenzler.de\/index.php?rest_route=\/wp\/v2\/pages\/1765","targetHints":{"allow":["GET"]}}],"collection":[{"href":"https:\/\/www.nikolakrenzler.de\/index.php?rest_route=\/wp\/v2\/pages"}],"about":[{"href":"https:\/\/www.nikolakrenzler.de\/index.php?rest_route=\/wp\/v2\/types\/page"}],"author":[{"embeddable":true,"href":"https:\/\/www.nikolakrenzler.de\/index.php?rest_route=\/wp\/v2\/users\/2"}],"replies":[{"embeddable":true,"href":"https:\/\/www.nikolakrenzler.de\/index.php?rest_route=%2Fwp%2Fv2%2Fcomments&post=1765"}],"version-history":[{"count":9,"href":"https:\/\/www.nikolakrenzler.de\/index.php?rest_route=\/wp\/v2\/pages\/1765\/revisions"}],"predecessor-version":[{"id":2533,"href":"https:\/\/www.nikolakrenzler.de\/index.php?rest_route=\/wp\/v2\/pages\/1765\/revisions\/2533"}],"wp:featuredmedia":[{"embeddable":true,"href":"https:\/\/www.nikolakrenzler.de\/index.php?rest_route=\/wp\/v2\/media\/1769"}],"wp:attachment":[{"href":"https:\/\/www.nikolakrenzler.de\/index.php?rest_route=%2Fwp%2Fv2%2Fmedia&parent=1765"}],"curies":[{"name":"wp","href":"https:\/\/api.w.org\/{rel}","templated":true}]}}