{"id":1776,"date":"2023-11-25T11:56:54","date_gmt":"2023-11-25T10:56:54","guid":{"rendered":"https:\/\/coachista.eu\/coachista\/?page_id=1776"},"modified":"2026-02-10T10:34:18","modified_gmt":"2026-02-10T09:34:18","slug":"arbeiten-mit-mir","status":"publish","type":"page","link":"https:\/\/www.nikolakrenzler.de\/?page_id=1776","title":{"rendered":"Arbeiten mit mir"},"content":{"rendered":"<style>.kb-row-layout-id1776_f086d8-fd > .kt-row-column-wrap{align-content:start;}:where(.kb-row-layout-id1776_f086d8-fd > .kt-row-column-wrap) > .wp-block-kadence-column{justify-content:start;}.kb-row-layout-id1776_f086d8-fd > .kt-row-column-wrap{column-gap:var(--global-kb-gap-md, 2rem);row-gap:var(--global-kb-gap-md, 2rem);padding-top:var(--global-kb-spacing-sm, 1.5rem);grid-template-columns:minmax(0, 1fr) minmax(0, 2fr);}.kb-row-layout-id1776_f086d8-fd > .kt-row-layout-overlay{opacity:0.30;}@media all and (max-width: 1024px){.kb-row-layout-id1776_f086d8-fd > .kt-row-column-wrap{grid-template-columns:minmax(0, 1fr) minmax(0, 2fr);}}@media all and (max-width: 767px){.kb-row-layout-id1776_f086d8-fd > .kt-row-column-wrap{grid-template-columns:minmax(0, 1fr);}}<\/style><div class=\"kb-row-layout-wrap kb-row-layout-id1776_f086d8-fd alignnone wp-block-kadence-rowlayout\"><div class=\"kt-row-column-wrap kt-has-2-columns kt-row-layout-right-golden kt-tab-layout-inherit kt-mobile-layout-row kt-row-valign-top\">\n<style>.kadence-column1776_c82363-15 > .kt-inside-inner-col,.kadence-column1776_c82363-15 > .kt-inside-inner-col:before{border-top-left-radius:0px;border-top-right-radius:0px;border-bottom-right-radius:0px;border-bottom-left-radius:0px;}.kadence-column1776_c82363-15 > .kt-inside-inner-col{column-gap:var(--global-kb-gap-sm, 1rem);}.kadence-column1776_c82363-15 > .kt-inside-inner-col{flex-direction:column;}.kadence-column1776_c82363-15 > .kt-inside-inner-col > .aligncenter{width:100%;}.kadence-column1776_c82363-15 > .kt-inside-inner-col:before{opacity:0.3;}.kadence-column1776_c82363-15{position:relative;}@media all and (max-width: 1024px){.kadence-column1776_c82363-15 > .kt-inside-inner-col{flex-direction:column;justify-content:center;}}@media all and (max-width: 767px){.kadence-column1776_c82363-15 > .kt-inside-inner-col{flex-direction:column;justify-content:center;}}<\/style>\n<div class=\"wp-block-kadence-column kadence-column1776_c82363-15\"><div class=\"kt-inside-inner-col\">\n<figure class=\"wp-block-image size-full\"><img loading=\"lazy\" decoding=\"async\" width=\"507\" height=\"682\" src=\"https:\/\/nikolakrenzler.de\/wp-content\/uploads\/2023\/11\/BusiPo_Nikola-44-Hochformat.jpg\" alt=\"\" class=\"wp-image-1906\" srcset=\"https:\/\/www.nikolakrenzler.de\/wp-content\/uploads\/2023\/11\/BusiPo_Nikola-44-Hochformat.jpg 507w, https:\/\/www.nikolakrenzler.de\/wp-content\/uploads\/2023\/11\/BusiPo_Nikola-44-Hochformat-223x300.jpg 223w\" sizes=\"auto, (max-width: 507px) 100vw, 507px\" \/><\/figure>\n\n\n\n<p><\/p>\n\n\n\n<p><strong>Warum ich dies tue<\/strong><\/p>\n\n\n\n<p>Ich coache und therapiere aus Leidenschaft! Schon immer&nbsp;hat mich bei allem der Mensch interessiert. So habe ich Psychologie als Studienfach gew\u00e4hlt und in all meinen T\u00e4tigkeiten stand die Zusammenarbeit mit Anderen f\u00fcr mich im Zentrum. Insbesondere bei den f\u00fcr die Mitte des Lebens typischen Ver\u00e4nderungen wie dem Tod der Eltern oder dem Abschied vom Angestellten-Daseins habe ich selbst sehr von Coaching und Therapie profitiert. Dies m\u00f6chte ich gerne weitergeben.<\/p>\n\n\n\n<p><\/p>\n\n\n\n<p><\/p>\n\n\n\n<p><\/p>\n<\/div><\/div>\n\n\n<style>.kadence-column1776_060ce7-18 > .kt-inside-inner-col,.kadence-column1776_060ce7-18 > .kt-inside-inner-col:before{border-top-left-radius:0px;border-top-right-radius:0px;border-bottom-right-radius:0px;border-bottom-left-radius:0px;}.kadence-column1776_060ce7-18 > .kt-inside-inner-col{column-gap:var(--global-kb-gap-sm, 1rem);}.kadence-column1776_060ce7-18 > .kt-inside-inner-col{flex-direction:column;}.kadence-column1776_060ce7-18 > .kt-inside-inner-col > .aligncenter{width:100%;}.kadence-column1776_060ce7-18 > .kt-inside-inner-col:before{opacity:0.3;}.kadence-column1776_060ce7-18{position:relative;}@media all and (max-width: 1024px){.kadence-column1776_060ce7-18 > .kt-inside-inner-col{flex-direction:column;justify-content:center;}}@media all and (max-width: 767px){.kadence-column1776_060ce7-18 > .kt-inside-inner-col{flex-direction:column;justify-content:center;}}<\/style>\n<div class=\"wp-block-kadence-column kadence-column1776_060ce7-18\"><div class=\"kt-inside-inner-col\">\n<h2 class=\"wp-block-heading\">\u00dcber mich<\/h2>\n\n\n\n<p><strong> Coach und Heilpraktikerin f\u00fcr Psychotherapie<\/strong><\/p>\n\n\n\n<ul class=\"wp-block-list\">\n<li>Coach seit 2018 &#8211; breitgef\u00e4chertes Coaching Knowhow, Business-Coach,  Pers\u00f6nlichkeitsentwicklung<\/li>\n\n\n\n<li>Moderne integrative Verhaltenstherapie &#8211; ganzheitliche Arbeitsweise mit Einbeziehung Gedanken, Emotionen und Embodiment<\/li>\n\n\n\n<li>Was ich mit einbringe: \u00dcber 20 Jahre Business-Erfahrung, die meiste Zeit als Bereichsleiterin und Produktmanagerin mit Teams in gro\u00dfen Medienunternehmen<\/li>\n<\/ul>\n\n\n\n<p><\/p>\n\n\n\n<p><strong>Qualifikationen<\/strong><\/p>\n\n\n\n<ul class=\"wp-block-list\">\n<li>2017 ICF und DCV zertifizierte Business-Coaching Ausbildung mit 200 h, Bossert- Eidenschink Academy<\/li>\n\n\n\n<li>2019 SchemaBeratung &amp; SchemaCoaching, Institut f\u00fcr Schematherapie M\u00fcnchen, Anke Hardrock<\/li>\n\n\n\n<li>2019 &#8211; 2021 Hypnose als Zusatzanwendung, J\u00fcrgen Schmid M\u00fcnchen<\/li>\n\n\n\n<li>2021 Heilpraktikererlaubnis beschr\u00e4nkt auf das Gebiet der Psychotherapie, Gesundheitsreferat M\u00fcnchen<\/li>\n\n\n\n<li>2021 Verhaltenstherapie Schwerpunkt 3te Welle (Kognitive Verhaltenstherapie, Akzeptanz- und Commitmenttherapie, Schematherapie), Zertifikat ZFN M\u00fcnchen<\/li>\n\n\n\n<li>2022 Hypnose Master (v.a. Nichtraucher, Wunschgewicht und \u00c4ngste aufl\u00f6sen), zertifiziert nach der Himmelweiss Methode<\/li>\n\n\n\n<li>2023 Therapietools f\u00fcr Beratung, Coaching und Therapie, ZFN, Tatjana Wissing<\/li>\n\n\n\n<li>2025 Achtsamkeitsbasierte Depressionstherapie, ZFN, Nicola Pape<\/li>\n<\/ul>\n\n\n\n<p><strong> Fortbildungen in Coaching, Therapie und Hypnose<\/strong><\/p>\n\n\n\n<p><\/p>\n\n\n\n<ul class=\"wp-block-list\">\n<li>\u201eSt\u00e4rkung des gesunden Erwachsenen durch Selbstmitgef\u00fchl\u201c, IST-M<\/li>\n\n\n\n<li>Hypnose mit Methaphern, Alfred Himmelweiss<\/li>\n\n\n\n<li>Systemisches Arbeiten mit Inneren Personen \/ Voice Dialogue, Regine L\u00f6rscher<\/li>\n\n\n\n<li>Ver\u00e4nderungsworkshop Hypnose Krieger, Siedler, Nomade,  J\u00fcrgen Schmid<\/li>\n\n\n\n<li>Schematherapie bei chronischer Depression, IST-M, Martin Rein<\/li>\n\n\n\n<li>Therapieplanung&nbsp;Angstst\u00f6rungen, Panikst\u00f6rung, Agoraphobie, spezifische Phobie, Ariane Jankowski<\/li>\n\n\n\n<li>Somatic Coaching, Andrea Ingrisch<\/li>\n\n\n\n<li>Virtual Reality und DIGA bei Schlafst\u00f6rungen in der Psychotherapie u.v.m<\/li>\n<\/ul>\n<\/div><\/div>\n\n<\/div><\/div>\n\n\n<p class=\"has-text-align-left\"><strong>Und sonst so<\/strong><\/p>\n\n\n\n<p><\/p>\n\n\n\n<ul class=\"wp-block-list\">\n<li>Von fr\u00fch auf Blick f\u00fcr verschiedene Perspektiven und Lebensm\u00f6glichkeiten durch Kindheit als Deutsche in Br\u00fcssel und Auslandsjahre in Paris und Uruguay <\/li>\n\n\n\n<li>Geisteswissenschaftlerin mit Magister Atrium Abschluss an der LMU in Germanistik, Psychologie und Theaterwissenschaften <\/li>\n\n\n\n<li>Wohnhaft in M\u00fcnchen mit Lebensgef\u00e4hrten, Sohn und Hund <\/li>\n<\/ul>\n\n\n<style>.kb-row-layout-id1776_be412c-da > .kt-row-column-wrap{align-content:start;}:where(.kb-row-layout-id1776_be412c-da > .kt-row-column-wrap) > .wp-block-kadence-column{justify-content:start;}.kb-row-layout-id1776_be412c-da > .kt-row-column-wrap{column-gap:var(--global-kb-gap-md, 2rem);row-gap:var(--global-kb-gap-md, 2rem);padding-top:var(--global-kb-spacing-sm, 1.5rem);padding-bottom:var(--global-kb-spacing-sm, 1.5rem);grid-template-columns:repeat(2, minmax(0, 1fr));}.kb-row-layout-id1776_be412c-da > .kt-row-layout-overlay{opacity:0.30;}@media all and (max-width: 1024px){.kb-row-layout-id1776_be412c-da > .kt-row-column-wrap{grid-template-columns:repeat(2, minmax(0, 1fr));}}@media all and (max-width: 767px){.kb-row-layout-id1776_be412c-da > .kt-row-column-wrap{grid-template-columns:minmax(0, 1fr);}}<\/style><div class=\"kb-row-layout-wrap kb-row-layout-id1776_be412c-da alignnone wp-block-kadence-rowlayout\"><div class=\"kt-row-column-wrap kt-has-2-columns kt-row-layout-equal kt-tab-layout-inherit kt-mobile-layout-row kt-row-valign-top\">\n<style>.kadence-column1776_7f18ee-5f > .kt-inside-inner-col,.kadence-column1776_7f18ee-5f > .kt-inside-inner-col:before{border-top-left-radius:0px;border-top-right-radius:0px;border-bottom-right-radius:0px;border-bottom-left-radius:0px;}.kadence-column1776_7f18ee-5f > .kt-inside-inner-col{column-gap:var(--global-kb-gap-sm, 1rem);}.kadence-column1776_7f18ee-5f > .kt-inside-inner-col{flex-direction:column;}.kadence-column1776_7f18ee-5f > .kt-inside-inner-col > .aligncenter{width:100%;}.kadence-column1776_7f18ee-5f > .kt-inside-inner-col:before{opacity:0.3;}.kadence-column1776_7f18ee-5f{position:relative;}@media all and (max-width: 1024px){.kadence-column1776_7f18ee-5f > .kt-inside-inner-col{flex-direction:column;justify-content:center;}}@media all and (max-width: 767px){.kadence-column1776_7f18ee-5f > .kt-inside-inner-col{flex-direction:column;justify-content:center;}}<\/style>\n<div class=\"wp-block-kadence-column kadence-column1776_7f18ee-5f\"><div class=\"kt-inside-inner-col\">\n<h2 class=\"wp-block-heading\" id=\"vorgehensweise\">Vorgehensweise<\/h2>\n\n\n\n<p><strong>Ablauf<\/strong><\/p>\n\n\n\n<p>In einem ersten Kennenlerngespr\u00e4ch erl\u00e4utern Sie mir Ihr Anliegen und ich Ihnen meine Arbeitsweise. Wir besprechen, wie ich Sie am besten unterst\u00fctzen kann, damit Sie in einem f\u00fcr Sie stimmigen Weg zu Ihrem Ziel kommen. <\/p>\n\n\n\n<p>Wenn wir uns f\u00fcr eine Zusammenarbeit entscheiden, vereinbaren wir Termine in meiner Praxis oder je nach Wunsch auch Online. <\/p>\n\n\n\n<p>Die Anzahl der Sitzungen ist abh\u00e4ngig vom Thema. Eine erste grobe Einsch\u00e4tzung kann nach dem ersten Termin gegeben werden. Meist macht es Sinn mindestens 5 Sitzungen bis zu 15 Sitzungen zu machen.<\/p>\n\n\n\n<p><\/p>\n\n\n\n<p><strong>Termine<\/strong><\/p>\n\n\n\n<p>Kennenlerngespr\u00e4ch (20 Minuten): kostenlos<\/p>\n\n\n\n<p>Coaching: <br>Einzelsitzungen f\u00fcr Firmenkunden und Privatkunden <br>50 oder 90 Minuten: Preise nach Vereinbarung<\/p>\n\n\n\n<p>Therapie: <br>Einzelsitzung 50 Minuten: 100\u20ac <br>Einzelsitzung 90 Minuten: 160\u20ac<\/p>\n\n\n\n<p>Ort: <br>Die Termine finden nach Vereinbarung in meiner Praxis oder Online statt. <br>Der Ersttermin in der Therapie findet immer in Pr\u00e4senz statt.<\/p>\n\n\n\n<p><\/p>\n\n\n\n<p><\/p>\n\n\n\n<p><\/p>\n\n\n\n<p><strong>Abrechnung<\/strong><\/p>\n\n\n\n<p><\/p>\n\n\n\n<p>Bitte sagen Sie 24h vor Termin ab, wenn Sie verhindert sind, ansonsten muss die Sitzung in Rechnung gestellt werden.<\/p>\n\n\n\n<p>In bestimmten F\u00e4llen kann beruflich bezogenes Coaching und Therapie steuerlich angesetzt werden.<\/p>\n\n\n\n<p>Manche private Krankenkassen \/ Heilpraktikerzusatzversicherungen \u00fcbernehmen die Kosten f\u00fcr Therapie. Hierzu kontaktieren Sie am besten vorab Ihre Versicherung. Die Leistungen als Heilpraktiker f\u00fcr Psychotherapie werden nicht von der gesetzlichen Krankenversicherung \u00fcbernommen, Sie sind dann Selbstzahler.<\/p>\n\n\n\n<p><\/p>\n\n\n\n<p><\/p>\n\n\n\n<p><\/p>\n\n\n\n<p><\/p>\n\n\n\n<p><\/p>\n\n\n\n<p><\/p>\n\n\n\n<p><\/p>\n\n\n\n<p><\/p>\n<\/div><\/div>\n\n\n<style>.kadence-column1776_91cfd2-3d > .kt-inside-inner-col,.kadence-column1776_91cfd2-3d > .kt-inside-inner-col:before{border-top-left-radius:0px;border-top-right-radius:0px;border-bottom-right-radius:0px;border-bottom-left-radius:0px;}.kadence-column1776_91cfd2-3d > .kt-inside-inner-col{column-gap:var(--global-kb-gap-sm, 1rem);}.kadence-column1776_91cfd2-3d > .kt-inside-inner-col{flex-direction:column;}.kadence-column1776_91cfd2-3d > .kt-inside-inner-col > .aligncenter{width:100%;}.kadence-column1776_91cfd2-3d > .kt-inside-inner-col:before{opacity:0.3;}.kadence-column1776_91cfd2-3d{position:relative;}@media all and (max-width: 1024px){.kadence-column1776_91cfd2-3d > .kt-inside-inner-col{flex-direction:column;justify-content:center;}}@media all and (max-width: 767px){.kadence-column1776_91cfd2-3d > .kt-inside-inner-col{flex-direction:column;justify-content:center;}}<\/style>\n<div class=\"wp-block-kadence-column kadence-column1776_91cfd2-3d\"><div class=\"kt-inside-inner-col\">\n<figure class=\"wp-block-image size-full\"><img loading=\"lazy\" decoding=\"async\" width=\"1024\" height=\"683\" src=\"https:\/\/nikolakrenzler.de\/wp-content\/uploads\/2023\/11\/BusiPo_Nikola-66.jpg\" alt=\"\" class=\"wp-image-1777\" srcset=\"https:\/\/www.nikolakrenzler.de\/wp-content\/uploads\/2023\/11\/BusiPo_Nikola-66.jpg 1024w, https:\/\/www.nikolakrenzler.de\/wp-content\/uploads\/2023\/11\/BusiPo_Nikola-66-300x200.jpg 300w, https:\/\/www.nikolakrenzler.de\/wp-content\/uploads\/2023\/11\/BusiPo_Nikola-66-768x512.jpg 768w\" sizes=\"auto, (max-width: 1024px) 100vw, 1024px\" \/><\/figure>\n\n\n\n<p><\/p>\n\n\n\n<p><strong>Wie ich arbeite<\/strong><\/p>\n\n\n\n<p> Ich unterst\u00fctze Sie in einem gesch\u00fctzten Rahmen bei dem, was Sie ver\u00e4ndern oder kl\u00e4ren m\u00f6chten. Wir schauen gemeinsam, was Sie daf\u00fcr brauchen. Ihre Ziele und Ihre Pers\u00f6nlichkeit bestimmen, wie wir individuell vorgehen. <\/p>\n\n\n\n<p><\/p>\n\n\n\n<p>Meine Aufgabe sehe ich darin, Sie dabei zu begleiten, den Blick zu erweitern und neue M\u00f6glichkeiten zu sehen. Meiner Erfahrung nach geht es oft darum, ins Sp\u00fcren zu kommen, um eine L\u00f6sung zu finden und vorstellbar zu machen. <\/p>\n\n\n\n<p>Das, was jetzt wichtig f\u00fcr Sie ist, bekommt Raum und die n\u00f6tige Aufmerksamkeit. <\/p>\n\n\n\n<p><\/p>\n\n\n\n<p><\/p>\n\n\n\n<p><\/p>\n<\/div><\/div>\n\n<\/div><\/div>\n\n\n<p><\/p>\n\n\n\n<h2 class=\"wp-block-heading\"><\/h2>\n\n\n<style>.kadence-column1776_45198e-5d > .kt-inside-inner-col,.kadence-column1776_45198e-5d > .kt-inside-inner-col:before{border-top-left-radius:0px;border-top-right-radius:0px;border-bottom-right-radius:0px;border-bottom-left-radius:0px;}.kadence-column1776_45198e-5d > .kt-inside-inner-col{column-gap:var(--global-kb-gap-sm, 1rem);}.kadence-column1776_45198e-5d > .kt-inside-inner-col{flex-direction:column;}.kadence-column1776_45198e-5d > .kt-inside-inner-col > .aligncenter{width:100%;}.kadence-column1776_45198e-5d > .kt-inside-inner-col:before{opacity:0.3;}.kadence-column1776_45198e-5d{position:relative;}@media all and (max-width: 1024px){.kadence-column1776_45198e-5d > .kt-inside-inner-col{flex-direction:column;justify-content:center;}}@media all and (max-width: 767px){.kadence-column1776_45198e-5d > .kt-inside-inner-col{flex-direction:column;justify-content:center;}}<\/style>\n<div class=\"wp-block-kadence-column kadence-column1776_45198e-5d\"><div class=\"kt-inside-inner-col\">\n<p><\/p>\n<\/div><\/div>\n\n\n\n<p><\/p>\n\n\n\n<p><\/p>\n\n\n\n<p><\/p>\n\n\n\n<p><\/p>\n\n\n\n<p><\/p>\n\n\n\n<p><\/p>\n\n\n\n<p><\/p>\n\n\n\n<div class=\"wp-block-group\"><div class=\"wp-block-group__inner-container is-layout-constrained wp-block-group-is-layout-constrained\"><\/div><\/div>\n\n\n\n<p><\/p>\n","protected":false},"excerpt":{"rendered":"<p>Warum ich dies tue Ich coache und therapiere aus Leidenschaft! Schon immer&nbsp;hat mich bei allem der Mensch interessiert. So habe ich Psychologie als Studienfach gew\u00e4hlt und in all meinen T\u00e4tigkeiten &#8230;<\/p>\n","protected":false},"author":2,"featured_media":0,"parent":1765,"menu_order":10,"comment_status":"closed","ping_status":"closed","template":"","meta":{"footnotes":""},"class_list":["post-1776","page","type-page","status-publish","hentry"],"_links":{"self":[{"href":"https:\/\/www.nikolakrenzler.de\/index.php?rest_route=\/wp\/v2\/pages\/1776","targetHints":{"allow":["GET"]}}],"collection":[{"href":"https:\/\/www.nikolakrenzler.de\/index.php?rest_route=\/wp\/v2\/pages"}],"about":[{"href":"https:\/\/www.nikolakrenzler.de\/index.php?rest_route=\/wp\/v2\/types\/page"}],"author":[{"embeddable":true,"href":"https:\/\/www.nikolakrenzler.de\/index.php?rest_route=\/wp\/v2\/users\/2"}],"replies":[{"embeddable":true,"href":"https:\/\/www.nikolakrenzler.de\/index.php?rest_route=%2Fwp%2Fv2%2Fcomments&post=1776"}],"version-history":[{"count":9,"href":"https:\/\/www.nikolakrenzler.de\/index.php?rest_route=\/wp\/v2\/pages\/1776\/revisions"}],"predecessor-version":[{"id":2523,"href":"https:\/\/www.nikolakrenzler.de\/index.php?rest_route=\/wp\/v2\/pages\/1776\/revisions\/2523"}],"up":[{"embeddable":true,"href":"https:\/\/www.nikolakrenzler.de\/index.php?rest_route=\/wp\/v2\/pages\/1765"}],"wp:attachment":[{"href":"https:\/\/www.nikolakrenzler.de\/index.php?rest_route=%2Fwp%2Fv2%2Fmedia&parent=1776"}],"curies":[{"name":"wp","href":"https:\/\/api.w.org\/{rel}","templated":true}]}}